{"id":1739,"date":"2016-10-25T11:31:08","date_gmt":"2016-10-25T08:31:08","guid":{"rendered":"http:\/\/arkas.us\/italokul\/?page_id=1739"},"modified":"2016-12-19T15:58:57","modified_gmt":"2016-12-19T12:58:57","slug":"okulumuzu-taniyalim","status":"publish","type":"page","link":"https:\/\/italokul.k12.tr\/?page_id=1739","title":{"rendered":"Okulumuzu Tan\u0131yal\u0131m"},"content":{"rendered":"<p>[vc_row css=&#8221;.vc_custom_1435816078010{margin-bottom: 15px !important;}&#8221;][vc_column width=&#8221;1\/3&#8243;][vc_custom_heading text=&#8221;Okulumuz&#8221; google_fonts=&#8221;font_family:Montserrat%3Aregular%2C700|font_style:700%20bold%20regular%3A700%3Anormal&#8221; css=&#8221;.vc_custom_1477298873262{margin-top: -8px !important;margin-bottom: 29px !important;}&#8221;][vc_column_text]<\/p>\n<ul>\n<li>Okulumuz \u015fehir merkezinde olup 1750m2\u2019lik geni\u015f bir alana sahiptir.<\/li>\n<li>Okulumuzun bah\u00e7esi \u00f6\u011frencilerin rahat\u00e7a oynayabilecekleri ve bisiklet s\u00fcrebilecekleri, d\u00f6nme dolapl\u0131, sal\u0131ncakl\u0131, kayd\u0131rakl\u0131 ve meyve a\u011fa\u00e7l\u0131, \u00e7i\u00e7ekli, \u00f6\u011frenci g\u00fcvenli\u011fi i\u00e7in uygun zeminli bir aland\u0131r.<\/li>\n<li>S\u0131n\u0131flar\u0131m\u0131z geni\u015f ve tavanlar\u0131 y\u00fcksektir.<\/li>\n<li>\u00d6\u011frencilerimizin rahat\u00e7a vakit ge\u00e7irebilecekleri 2 adet \u00e7ok ama\u00e7l\u0131 salon, spor salonu, bilgisayar-fen laboratuvar\u0131, yabanc\u0131 diller s\u0131n\u0131f\u0131, m\u00fczik odas\u0131, sanat odas\u0131, zeka oyunlar\u0131 odas\u0131, botanik laboratuar\u0131, duygular\u0131n\u0131 daha kolay ifade edebilecekleri circle time s\u0131n\u0131f\u0131 gibi tematik alanlar\u0131 vard\u0131r.<\/li>\n<li>Okulumuzda \u00f6\u011frencilerimizin \u00e7al\u0131\u015fmalar\u0131n\u0131 sergileyebilece\u011fi sahne mevcuttur.<\/li>\n<\/ul>\n<p>[\/vc_column_text][\/vc_column][vc_column width=&#8221;1\/3&#8243;][vc_single_image image=&#8221;1649&#8243; img_size=&#8221;370&#215;245&#8243; onclick=&#8221;link_image&#8221; css=&#8221;.vc_custom_1482152205716{margin-bottom: 30px !important;}&#8221;][vc_single_image image=&#8221;1961&#8243; img_size=&#8221;370&#215;245&#8243; onclick=&#8221;link_image&#8221; css=&#8221;.vc_custom_1482152213855{margin-bottom: 30px !important;}&#8221;][vc_single_image image=&#8221;1958&#8243; img_size=&#8221;370&#215;245&#8243; onclick=&#8221;link_image&#8221; css=&#8221;.vc_custom_1482152229581{margin-bottom: 30px !important;}&#8221;][vc_single_image image=&#8221;2206&#8243; img_size=&#8221;370&#215;245&#8243; onclick=&#8221;link_image&#8221; css=&#8221;.vc_custom_1482152246338{margin-bottom: 30px !important;}&#8221;][\/vc_column][vc_column width=&#8221;1\/3&#8243;][vc_single_image image=&#8221;1957&#8243; img_size=&#8221;370&#215;245&#8243; onclick=&#8221;link_image&#8221; css=&#8221;.vc_custom_1482152176941{margin-bottom: 30px !important;}&#8221;][vc_single_image image=&#8221;1666&#8243; img_size=&#8221;370&#215;245&#8243; onclick=&#8221;link_image&#8221; css=&#8221;.vc_custom_1482152327625{margin-bottom: 30px !important;}&#8221;][vc_single_image image=&#8221;2086&#8243; img_size=&#8221;370&#215;245&#8243; onclick=&#8221;link_image&#8221; css=&#8221;.vc_custom_1482152238814{margin-bottom: 30px !important;}&#8221;][vc_single_image image=&#8221;2577&#8243; img_size=&#8221;370&#215;245&#8243; onclick=&#8221;link_image&#8221; css=&#8221;.vc_custom_1482152254080{margin-bottom: 30px !important;}&#8221;][\/vc_column][\/vc_row]<\/p>\n","protected":false},"excerpt":{"rendered":"<p>[vc_row css=&#8221;.vc_custom_1435816078010{margin-bottom: 15px !important;}&#8221;][vc_column width=&#8221;1\/3&#8243;][vc_custom_heading text=&#8221;Okulumuz&#8221; google_fonts=&#8221;font_family:Montserrat%3Aregular%2C700|font_style:700%20bold%20regular%3A700%3Anormal&#8221; css=&#8221;.vc_custom_1477298873262{margin-top: -8px !important;margin-bottom: 29px !important;}&#8221;][vc_column_text] Okulumuz \u015fehir merkezinde olup 1750m2\u2019lik geni\u015f bir alana sahiptir. Okulumuzun bah\u00e7esi \u00f6\u011frencilerin rahat\u00e7a oynayabilecekleri ve bisiklet s\u00fcrebilecekleri, d\u00f6nme dolapl\u0131, sal\u0131ncakl\u0131, kayd\u0131rakl\u0131 ve meyve a\u011fa\u00e7l\u0131, \u00e7i\u00e7ekli, \u00f6\u011frenci g\u00fcvenli\u011fi i\u00e7in uygun zeminli bir aland\u0131r. S\u0131n\u0131flar\u0131m\u0131z geni\u015f ve tavanlar\u0131 y\u00fcksektir. \u00d6\u011frencilerimizin rahat\u00e7a vakit ge\u00e7irebilecekleri 2 adet [&hellip;]<\/p>\n","protected":false},"author":1,"featured_media":0,"parent":0,"menu_order":0,"comment_status":"closed","ping_status":"closed","template":"","meta":{"footnotes":""},"class_list":["post-1739","page","type-page","status-publish","hentry"],"_links":{"self":[{"href":"https:\/\/italokul.k12.tr\/index.php?rest_route=\/wp\/v2\/pages\/1739","targetHints":{"allow":["GET"]}}],"collection":[{"href":"https:\/\/italokul.k12.tr\/index.php?rest_route=\/wp\/v2\/pages"}],"about":[{"href":"https:\/\/italokul.k12.tr\/index.php?rest_route=\/wp\/v2\/types\/page"}],"author":[{"embeddable":true,"href":"https:\/\/italokul.k12.tr\/index.php?rest_route=\/wp\/v2\/users\/1"}],"replies":[{"embeddable":true,"href":"https:\/\/italokul.k12.tr\/index.php?rest_route=%2Fwp%2Fv2%2Fcomments&post=1739"}],"version-history":[{"count":13,"href":"https:\/\/italokul.k12.tr\/index.php?rest_route=\/wp\/v2\/pages\/1739\/revisions"}],"predecessor-version":[{"id":2581,"href":"https:\/\/italokul.k12.tr\/index.php?rest_route=\/wp\/v2\/pages\/1739\/revisions\/2581"}],"wp:attachment":[{"href":"https:\/\/italokul.k12.tr\/index.php?rest_route=%2Fwp%2Fv2%2Fmedia&parent=1739"}],"curies":[{"name":"wp","href":"https:\/\/api.w.org\/{rel}","templated":true}]}}