{"id":1946,"date":"2016-11-10T13:46:21","date_gmt":"2016-11-10T10:46:21","guid":{"rendered":"http:\/\/arkas.us\/italokul\/?page_id=1946"},"modified":"2018-03-27T13:42:26","modified_gmt":"2018-03-27T10:42:26","slug":"okulumuzda-bir-gun","status":"publish","type":"page","link":"https:\/\/italokul.k12.tr\/?page_id=1946","title":{"rendered":"Okulumuzda Bir G\u00fcn"},"content":{"rendered":"<p>[vc_row css=&#8221;.vc_custom_1435816078010{margin-bottom: 15px !important;}&#8221;][vc_column width=&#8221;1\/3&#8243;][vc_custom_heading text=&#8221;Anaokulu&#8221; google_fonts=&#8221;font_family:Montserrat%3Aregular%2C700|font_style:700%20bold%20regular%3A700%3Anormal&#8221; css=&#8221;.vc_custom_1480342857224{margin-top: -8px !important;margin-bottom: 29px !important;}&#8221;][vc_column_text]<strong>08:30 \u2013 09:00 : Okula geli\u015f<\/strong><\/p>\n<p><strong>09:00 \u2013 09:30 : Kahvalt\u0131<\/strong><\/p>\n<p><strong>10:00 \u2013 12:00 : Aktivitelerimiz<\/strong><\/p>\n<p><strong>12:00 \u2013 12:30 : \u00d6\u011flen yeme\u011fi<\/strong><\/p>\n<p><strong>12:30 \u2013 13:30 : Bah\u00e7edeyiz<\/strong><\/p>\n<p><strong>13:30 \u2013 15:00 : Aktivitelerimiz<\/strong><\/p>\n<p><strong>15:00 &#8211; 15:30 : \u0130kindi kahvalt\u0131s\u0131<\/strong><\/p>\n<p><strong>15:30 &#8211; 16:30 : Aktivitelerimiz<\/strong><\/p>\n<p><strong>16:30 : \u00c7\u0131k\u0131\u015f<\/strong>[\/vc_column_text][\/vc_column][vc_column width=&#8221;1\/3&#8243;][vc_single_image image=&#8221;1952&#8243; img_size=&#8221;full&#8221; onclick=&#8221;link_image&#8221; css=&#8221;.vc_custom_1478775846895{margin-top: 16px !important;margin-bottom: 30px !important;}&#8221;][vc_column_text]<\/p>\n<p style=\"text-align: center;\">Kahvalt\u0131 yap\u0131yoruz.<\/p>\n<p>[\/vc_column_text][vc_empty_space height=&#8221;6px&#8221;][vc_single_image image=&#8221;2423&#8243; img_size=&#8221;full&#8221; onclick=&#8221;link_image&#8221; css=&#8221;.vc_custom_1480425682567{margin-top: 16px !important;margin-bottom: 30px !important;}&#8221;][vc_column_text]<\/p>\n<p style=\"text-align: center;\">\u00d6\u011frendi\u011fimiz harfi aray\u0131p buluyoruz.<\/p>\n<p>[\/vc_column_text][vc_single_image image=&#8221;1962&#8243; img_size=&#8221;full&#8221; onclick=&#8221;link_image&#8221; css=&#8221;.vc_custom_1478776008834{margin-top: 16px !important;margin-bottom: 30px !important;}&#8221;][vc_column_text]<\/p>\n<p style=\"text-align: center;\">Bah\u00e7ede oyunlar oynuyoruz.<\/p>\n<p>[\/vc_column_text][vc_single_image image=&#8221;2121&#8243; img_size=&#8221;full&#8221; onclick=&#8221;link_image&#8221; css=&#8221;.vc_custom_1480342501011{margin-top: 16px !important;margin-bottom: 30px !important;}&#8221;][vc_column_text]<\/p>\n<p style=\"text-align: center;\">Bah\u00e7emizden toplad\u0131\u011f\u0131m\u0131z yapraklar ile yarat\u0131c\u0131 \u00e7al\u0131\u015fmalar yap\u0131yoruz.<\/p>\n<p>[\/vc_column_text][vc_single_image image=&#8221;2662&#8243; img_size=&#8221;370&#215;240&#8243; onclick=&#8221;link_image&#8221; css=&#8221;.vc_custom_1487689321259{margin-top: 16px !important;margin-bottom: 30px !important;}&#8221;][vc_column_text]<\/p>\n<p style=\"text-align: center;\">Bitkilerimizi suluyoruz.<\/p>\n<p>[\/vc_column_text][vc_single_image image=&#8221;2635&#8243; img_size=&#8221;370&#215;240&#8243; onclick=&#8221;link_image&#8221; css=&#8221;.vc_custom_1487686915837{margin-top: 16px !important;margin-bottom: 30px !important;}&#8221;][vc_column_text]<\/p>\n<p style=\"text-align: center;\">Koordinasyonumuzu geli\u015ftiriyoruz.<\/p>\n<p>[\/vc_column_text][\/vc_column][vc_column width=&#8221;1\/3&#8243;][vc_single_image image=&#8221;2422&#8243; img_size=&#8221;full&#8221; onclick=&#8221;link_image&#8221; css=&#8221;.vc_custom_1480425648190{margin-top: 16px !important;margin-bottom: 30px !important;}&#8221;][vc_column_text]<\/p>\n<p style=\"text-align: center;\">S\u0131n\u0131flar\u0131m\u0131zda, kitap resimlerine bakt\u0131ktan sonra arkada\u015flar\u0131m\u0131za anlat\u0131yoruz.<\/p>\n<p>[\/vc_column_text][vc_single_image image=&#8221;1957&#8243; img_size=&#8221;full&#8221; onclick=&#8221;link_image&#8221; css=&#8221;.vc_custom_1478775969843{margin-top: 16px !important;margin-bottom: 30px !important;}&#8221;][vc_column_text]<\/p>\n<p style=\"text-align: center;\">Bah\u00e7ede d\u00f6nme dolaba biniyoruz.<\/p>\n<p>[\/vc_column_text][vc_single_image image=&#8221;1961&#8243; img_size=&#8221;full&#8221; onclick=&#8221;link_image&#8221; css=&#8221;.vc_custom_1480342511870{margin-top: 16px !important;margin-bottom: 30px !important;}&#8221;][vc_column_text]<\/p>\n<p style=\"text-align: center;\">Bisiklete biniyoruz.<\/p>\n<p>[\/vc_column_text][vc_single_image image=&#8221;2634&#8243; img_size=&#8221;full&#8221; onclick=&#8221;link_image&#8221; css=&#8221;.vc_custom_1487686874205{margin-top: 57px !important;margin-bottom: 30px !important;}&#8221;][vc_column_text]<\/p>\n<p style=\"text-align: center;\">M\u00fczik e\u015fli\u011finde farkl\u0131 hareket \u00e7al\u0131\u015fmalar\u0131 yap\u0131yoruz.<\/p>\n<p>[\/vc_column_text][vc_single_image image=&#8221;2651&#8243; img_size=&#8221;370&#215;240&#8243; onclick=&#8221;link_image&#8221; css=&#8221;.vc_custom_1487689581456{margin-top: 16px !important;margin-bottom: 30px !important;}&#8221;][vc_column_text]<\/p>\n<p style=\"text-align: center;\">Oyunlar ile e\u011flenerek \u00f6\u011freniyoruz.<\/p>\n<p>[\/vc_column_text][\/vc_column][\/vc_row]<\/p>\n","protected":false},"excerpt":{"rendered":"<p>[vc_row css=&#8221;.vc_custom_1435816078010{margin-bottom: 15px !important;}&#8221;][vc_column width=&#8221;1\/3&#8243;][vc_custom_heading text=&#8221;Anaokulu&#8221; google_fonts=&#8221;font_family:Montserrat%3Aregular%2C700|font_style:700%20bold%20regular%3A700%3Anormal&#8221; css=&#8221;.vc_custom_1480342857224{margin-top: -8px !important;margin-bottom: 29px !important;}&#8221;][vc_column_text]08:30 \u2013 09:00 : Okula geli\u015f 09:00 \u2013 09:30 : Kahvalt\u0131 10:00 \u2013 12:00 : Aktivitelerimiz 12:00 \u2013 12:30 : \u00d6\u011flen yeme\u011fi 12:30 \u2013 13:30 : Bah\u00e7edeyiz 13:30 \u2013 15:00 : Aktivitelerimiz 15:00 &#8211; 15:30 : \u0130kindi kahvalt\u0131s\u0131 15:30 &#8211; 16:30 : Aktivitelerimiz 16:30 [&hellip;]<\/p>\n","protected":false},"author":1,"featured_media":0,"parent":0,"menu_order":0,"comment_status":"closed","ping_status":"closed","template":"","meta":{"footnotes":""},"class_list":["post-1946","page","type-page","status-publish","hentry"],"_links":{"self":[{"href":"https:\/\/italokul.k12.tr\/index.php?rest_route=\/wp\/v2\/pages\/1946","targetHints":{"allow":["GET"]}}],"collection":[{"href":"https:\/\/italokul.k12.tr\/index.php?rest_route=\/wp\/v2\/pages"}],"about":[{"href":"https:\/\/italokul.k12.tr\/index.php?rest_route=\/wp\/v2\/types\/page"}],"author":[{"embeddable":true,"href":"https:\/\/italokul.k12.tr\/index.php?rest_route=\/wp\/v2\/users\/1"}],"replies":[{"embeddable":true,"href":"https:\/\/italokul.k12.tr\/index.php?rest_route=%2Fwp%2Fv2%2Fcomments&post=1946"}],"version-history":[{"count":42,"href":"https:\/\/italokul.k12.tr\/index.php?rest_route=\/wp\/v2\/pages\/1946\/revisions"}],"predecessor-version":[{"id":2966,"href":"https:\/\/italokul.k12.tr\/index.php?rest_route=\/wp\/v2\/pages\/1946\/revisions\/2966"}],"wp:attachment":[{"href":"https:\/\/italokul.k12.tr\/index.php?rest_route=%2Fwp%2Fv2%2Fmedia&parent=1946"}],"curies":[{"name":"wp","href":"https:\/\/api.w.org\/{rel}","templated":true}]}}