{"id":1979,"date":"2016-11-10T14:54:57","date_gmt":"2016-11-10T11:54:57","guid":{"rendered":"http:\/\/arkas.us\/italokul\/?page_id=1979"},"modified":"2025-01-30T09:18:19","modified_gmt":"2025-01-30T06:18:19","slug":"projelerimiz-aktivitelerimiz","status":"publish","type":"page","link":"https:\/\/italokul.k12.tr\/?page_id=1979","title":{"rendered":"Anaokulu Projelerimiz ve Aktivitelerimiz"},"content":{"rendered":"<p>[vc_row][vc_column][stm_post_list post_list_per_row=&#8221;3&#8243; post_list_per_page=&#8221;100&#8243;][\/vc_column][\/vc_row][vc_row][vc_column][vc_separator css=&#8221;.vc_custom_1480671908686{margin-top: 16px !important;margin-bottom: 16px !important;}&#8221;][\/vc_column][\/vc_row][vc_row][vc_column][vc_btn title=&#8221;ANAOKULU PROJELER\u0130M\u0130Z VE AKT\u0130V\u0130TELER\u0130M\u0130Z AR\u015e\u0130V\u0130&#8221; color=&#8221;danger&#8221; size=&#8221;lg&#8221; align=&#8221;center&#8221; link=&#8221;url:http%3A%2F%2Fitalokul.k12.tr%2F%3Fpage_id%3D3975|||&#8221;][\/vc_column][\/vc_row]<\/p>\n","protected":false},"excerpt":{"rendered":"<p>[vc_row][vc_column][stm_post_list post_list_per_row=&#8221;3&#8243; post_list_per_page=&#8221;100&#8243;][\/vc_column][\/vc_row][vc_row][vc_column][vc_separator css=&#8221;.vc_custom_1480671908686{margin-top: 16px !important;margin-bottom: 16px !important;}&#8221;][\/vc_column][\/vc_row][vc_row][vc_column][vc_btn title=&#8221;ANAOKULU PROJELER\u0130M\u0130Z VE AKT\u0130V\u0130TELER\u0130M\u0130Z AR\u015e\u0130V\u0130&#8221; color=&#8221;danger&#8221; size=&#8221;lg&#8221; align=&#8221;center&#8221; link=&#8221;url:http%3A%2F%2Fitalokul.k12.tr%2F%3Fpage_id%3D3975|||&#8221;][\/vc_column][\/vc_row]<\/p>\n","protected":false},"author":1,"featured_media":0,"parent":0,"menu_order":0,"comment_status":"closed","ping_status":"closed","template":"","meta":{"footnotes":""},"class_list":["post-1979","page","type-page","status-publish","hentry"],"_links":{"self":[{"href":"https:\/\/italokul.k12.tr\/index.php?rest_route=\/wp\/v2\/pages\/1979","targetHints":{"allow":["GET"]}}],"collection":[{"href":"https:\/\/italokul.k12.tr\/index.php?rest_route=\/wp\/v2\/pages"}],"about":[{"href":"https:\/\/italokul.k12.tr\/index.php?rest_route=\/wp\/v2\/types\/page"}],"author":[{"embeddable":true,"href":"https:\/\/italokul.k12.tr\/index.php?rest_route=\/wp\/v2\/users\/1"}],"replies":[{"embeddable":true,"href":"https:\/\/italokul.k12.tr\/index.php?rest_route=%2Fwp%2Fv2%2Fcomments&post=1979"}],"version-history":[{"count":104,"href":"https:\/\/italokul.k12.tr\/index.php?rest_route=\/wp\/v2\/pages\/1979\/revisions"}],"predecessor-version":[{"id":4571,"href":"https:\/\/italokul.k12.tr\/index.php?rest_route=\/wp\/v2\/pages\/1979\/revisions\/4571"}],"wp:attachment":[{"href":"https:\/\/italokul.k12.tr\/index.php?rest_route=%2Fwp%2Fv2%2Fmedia&parent=1979"}],"curies":[{"name":"wp","href":"https:\/\/api.w.org\/{rel}","templated":true}]}}