{"id":1989,"date":"2016-11-10T15:04:05","date_gmt":"2016-11-10T12:04:05","guid":{"rendered":"http:\/\/arkas.us\/italokul\/?page_id=1989"},"modified":"2026-02-13T16:12:31","modified_gmt":"2026-02-13T13:12:31","slug":"anaokulu-egitim-ucreti","status":"publish","type":"page","link":"https:\/\/italokul.k12.tr\/?page_id=1989","title":{"rendered":"Anaokulu E\u011fitim \u00dccreti"},"content":{"rendered":"<p>[vc_row][vc_column][vc_column_text]A\u015fa\u011f\u0131da yer alan \u00fccretler, 2026\u20132027 E\u011fitim-\u00d6\u011fretim Y\u0131l\u0131 i\u00e7in ge\u00e7erli olup 8 taksitli e\u011fitim \u00fccretlerini g\u00f6stermektedir. Belirtilen tutarlar\u0131n tamam\u0131na %10 KDV d\u00e2hildir. \u00dccretler, \u00d6zel \u00d6\u011fretim Kurumlar\u0131 Y\u00f6netmeli\u011fi h\u00fck\u00fcmlerine uygun olarak belirlenmi\u015ftir.[\/vc_column_text][vc_column_text]<\/p>\n<h5><strong>ANAOKULU E\u011e\u0130T\u0130M VE YEMEK \u00dcCRET\u0130<\/strong><\/h5>\n<p>2026-2027 \u00d6\u011eRET\u0130M YILI<\/p>\n<table width=\"626\">\n<tbody>\n<tr>\n<td width=\"330\">E\u011e\u0130T\u0130M \u00dcCRET\u0130<\/td>\n<td width=\"296\">YEMEK \u00dcCRET\u0130<\/td>\n<\/tr>\n<tr>\n<td width=\"330\">\u00a0350.000 TL<\/td>\n<td width=\"296\">100.000 TL<\/td>\n<\/tr>\n<tr>\n<td width=\"330\">31 Mart 2026 tarihine kadar 8 taksit \u00f6demelerinde<\/td>\n<td width=\"296\">423.000 TL<\/td>\n<\/tr>\n<tr>\n<td width=\"330\">31 Mart 2026 tarihine kadar pe\u015fin \u00f6demelerde<\/td>\n<td width=\"296\">382.000 TL<\/td>\n<\/tr>\n<tr>\n<td width=\"330\">1 Nisan 2026 tarihinden sonra 8 taksit \u00f6demelerinde<\/td>\n<td width=\"296\">450.000 TL<\/td>\n<\/tr>\n<tr>\n<td width=\"330\">1 Nisan 2026 tarihinden sonra pe\u015fin \u00f6demelerde<\/td>\n<td width=\"296\">405.000 TL<\/td>\n<\/tr>\n<\/tbody>\n<\/table>\n<p>[\/vc_column_text][vc_empty_space][\/vc_column][\/vc_row]<\/p>\n","protected":false},"excerpt":{"rendered":"<p>[vc_row][vc_column][vc_column_text]A\u015fa\u011f\u0131da yer alan \u00fccretler, 2026\u20132027 E\u011fitim-\u00d6\u011fretim Y\u0131l\u0131 i\u00e7in ge\u00e7erli olup 8 taksitli e\u011fitim \u00fccretlerini g\u00f6stermektedir. Belirtilen tutarlar\u0131n tamam\u0131na %10 KDV d\u00e2hildir. \u00dccretler, \u00d6zel \u00d6\u011fretim Kurumlar\u0131 Y\u00f6netmeli\u011fi h\u00fck\u00fcmlerine uygun olarak belirlenmi\u015ftir.[\/vc_column_text][vc_column_text] ANAOKULU E\u011e\u0130T\u0130M VE YEMEK \u00dcCRET\u0130 2026-2027 \u00d6\u011eRET\u0130M YILI E\u011e\u0130T\u0130M \u00dcCRET\u0130 YEMEK \u00dcCRET\u0130 \u00a0350.000 TL 100.000 TL 31 Mart 2026 tarihine kadar 8 taksit \u00f6demelerinde 423.000 [&hellip;]<\/p>\n","protected":false},"author":1,"featured_media":0,"parent":0,"menu_order":0,"comment_status":"closed","ping_status":"closed","template":"","meta":{"footnotes":""},"class_list":["post-1989","page","type-page","status-publish","hentry"],"_links":{"self":[{"href":"https:\/\/italokul.k12.tr\/index.php?rest_route=\/wp\/v2\/pages\/1989","targetHints":{"allow":["GET"]}}],"collection":[{"href":"https:\/\/italokul.k12.tr\/index.php?rest_route=\/wp\/v2\/pages"}],"about":[{"href":"https:\/\/italokul.k12.tr\/index.php?rest_route=\/wp\/v2\/types\/page"}],"author":[{"embeddable":true,"href":"https:\/\/italokul.k12.tr\/index.php?rest_route=\/wp\/v2\/users\/1"}],"replies":[{"embeddable":true,"href":"https:\/\/italokul.k12.tr\/index.php?rest_route=%2Fwp%2Fv2%2Fcomments&post=1989"}],"version-history":[{"count":23,"href":"https:\/\/italokul.k12.tr\/index.php?rest_route=\/wp\/v2\/pages\/1989\/revisions"}],"predecessor-version":[{"id":5757,"href":"https:\/\/italokul.k12.tr\/index.php?rest_route=\/wp\/v2\/pages\/1989\/revisions\/5757"}],"wp:attachment":[{"href":"https:\/\/italokul.k12.tr\/index.php?rest_route=%2Fwp%2Fv2%2Fmedia&parent=1989"}],"curies":[{"name":"wp","href":"https:\/\/api.w.org\/{rel}","templated":true}]}}