{"id":1994,"date":"2016-11-10T15:06:42","date_gmt":"2016-11-10T12:06:42","guid":{"rendered":"http:\/\/arkas.us\/italokul\/?page_id=1994"},"modified":"2016-11-28T17:23:14","modified_gmt":"2016-11-28T14:23:14","slug":"ilkokul-egitim-programimiz","status":"publish","type":"page","link":"https:\/\/italokul.k12.tr\/?page_id=1994","title":{"rendered":"E\u011fitim Program\u0131m\u0131z"},"content":{"rendered":"<p>[vc_row css=&#8221;.vc_custom_1435816078010{margin-bottom: 15px !important;}&#8221;][vc_column][vc_custom_heading text=&#8221;\u0130lkokul E\u011fitim Program\u0131m\u0131z&#8221; google_fonts=&#8221;font_family:Open%20Sans%3A300%2C300italic%2Cregular%2Citalic%2C600%2C600italic%2C700%2C700italic%2C800%2C800italic|font_style:700%20bold%20regular%3A700%3Anormal&#8221; css=&#8221;.vc_custom_1478779598637{margin-top: -8px !important;margin-bottom: 29px !important;}&#8221;][\/vc_column][\/vc_row][vc_row css=&#8221;.vc_custom_1435816078010{margin-bottom: 15px !important;}&#8221;][vc_column][vc_message]<strong>Okulumuzda \u0130talyan m\u00fcfredat\u0131na ba\u011fl\u0131 Uluslararas\u0131 e\u011fitim verilmektedir.<\/strong>[\/vc_message][vc_message message_box_color=&#8221;danger&#8221; icon_fontawesome=&#8221;fa fa-exclamation-triangle&#8221;]<strong>Okulumuza yaln\u0131zca\u00a0yabanc\u0131 kimlik numaral\u0131 \u00e7ocuklar kay\u0131t olabilir.<\/strong>[\/vc_message][\/vc_column][\/vc_row]<\/p>\n","protected":false},"excerpt":{"rendered":"<p>[vc_row css=&#8221;.vc_custom_1435816078010{margin-bottom: 15px !important;}&#8221;][vc_column][vc_custom_heading text=&#8221;\u0130lkokul E\u011fitim Program\u0131m\u0131z&#8221; google_fonts=&#8221;font_family:Open%20Sans%3A300%2C300italic%2Cregular%2Citalic%2C600%2C600italic%2C700%2C700italic%2C800%2C800italic|font_style:700%20bold%20regular%3A700%3Anormal&#8221; css=&#8221;.vc_custom_1478779598637{margin-top: -8px !important;margin-bottom: 29px !important;}&#8221;][\/vc_column][\/vc_row][vc_row css=&#8221;.vc_custom_1435816078010{margin-bottom: 15px !important;}&#8221;][vc_column][vc_message]Okulumuzda \u0130talyan m\u00fcfredat\u0131na ba\u011fl\u0131 Uluslararas\u0131 e\u011fitim verilmektedir.[\/vc_message][vc_message message_box_color=&#8221;danger&#8221; icon_fontawesome=&#8221;fa fa-exclamation-triangle&#8221;]Okulumuza yaln\u0131zca\u00a0yabanc\u0131 kimlik numaral\u0131 \u00e7ocuklar kay\u0131t olabilir.[\/vc_message][\/vc_column][\/vc_row]<\/p>\n","protected":false},"author":1,"featured_media":0,"parent":0,"menu_order":0,"comment_status":"closed","ping_status":"closed","template":"","meta":{"footnotes":""},"class_list":["post-1994","page","type-page","status-publish","hentry"],"_links":{"self":[{"href":"https:\/\/italokul.k12.tr\/index.php?rest_route=\/wp\/v2\/pages\/1994","targetHints":{"allow":["GET"]}}],"collection":[{"href":"https:\/\/italokul.k12.tr\/index.php?rest_route=\/wp\/v2\/pages"}],"about":[{"href":"https:\/\/italokul.k12.tr\/index.php?rest_route=\/wp\/v2\/types\/page"}],"author":[{"embeddable":true,"href":"https:\/\/italokul.k12.tr\/index.php?rest_route=\/wp\/v2\/users\/1"}],"replies":[{"embeddable":true,"href":"https:\/\/italokul.k12.tr\/index.php?rest_route=%2Fwp%2Fv2%2Fcomments&post=1994"}],"version-history":[{"count":4,"href":"https:\/\/italokul.k12.tr\/index.php?rest_route=\/wp\/v2\/pages\/1994\/revisions"}],"predecessor-version":[{"id":2417,"href":"https:\/\/italokul.k12.tr\/index.php?rest_route=\/wp\/v2\/pages\/1994\/revisions\/2417"}],"wp:attachment":[{"href":"https:\/\/italokul.k12.tr\/index.php?rest_route=%2Fwp%2Fv2%2Fmedia&parent=1994"}],"curies":[{"name":"wp","href":"https:\/\/api.w.org\/{rel}","templated":true}]}}