{"id":2115,"date":"2016-11-18T14:28:38","date_gmt":"2016-11-18T11:28:38","guid":{"rendered":"http:\/\/arkas.us\/italokul\/?page_id=2115"},"modified":"2023-11-22T08:16:58","modified_gmt":"2023-11-22T05:16:58","slug":"ilkokul-aktivitelerimiz","status":"publish","type":"page","link":"https:\/\/italokul.k12.tr\/?page_id=2115","title":{"rendered":"\u0130lkokul Aktivitelerimiz"},"content":{"rendered":"<p>[vc_row][vc_column][stm_post_list post_list_per_row=&#8221;3&#8243; post_list_per_page=&#8221;100&#8243;][\/vc_column][\/vc_row][vc_row][vc_column][vc_separator css=&#8221;.vc_custom_1480671908686{margin-top: 16px !important;margin-bottom: 16px !important;}&#8221;][\/vc_column][\/vc_row][vc_row][vc_column][vc_btn title=&#8221;\u0130LKOKUL AKT\u0130V\u0130TELER\u0130M\u0130Z AR\u015e\u0130V\u0130&#8221; color=&#8221;danger&#8221; size=&#8221;lg&#8221; align=&#8221;center&#8221; link=&#8221;url:http%3A%2F%2Fitalokul.k12.tr%2F%3Fpage_id%3D4340|||&#8221;][\/vc_column][\/vc_row]<\/p>\n","protected":false},"excerpt":{"rendered":"<p>[vc_row][vc_column][stm_post_list post_list_per_row=&#8221;3&#8243; post_list_per_page=&#8221;100&#8243;][\/vc_column][\/vc_row][vc_row][vc_column][vc_separator css=&#8221;.vc_custom_1480671908686{margin-top: 16px !important;margin-bottom: 16px !important;}&#8221;][\/vc_column][\/vc_row][vc_row][vc_column][vc_btn title=&#8221;\u0130LKOKUL AKT\u0130V\u0130TELER\u0130M\u0130Z AR\u015e\u0130V\u0130&#8221; color=&#8221;danger&#8221; size=&#8221;lg&#8221; align=&#8221;center&#8221; link=&#8221;url:http%3A%2F%2Fitalokul.k12.tr%2F%3Fpage_id%3D4340|||&#8221;][\/vc_column][\/vc_row]<\/p>\n","protected":false},"author":1,"featured_media":0,"parent":0,"menu_order":0,"comment_status":"closed","ping_status":"closed","template":"","meta":{"footnotes":""},"class_list":["post-2115","page","type-page","status-publish","hentry"],"_links":{"self":[{"href":"https:\/\/italokul.k12.tr\/index.php?rest_route=\/wp\/v2\/pages\/2115","targetHints":{"allow":["GET"]}}],"collection":[{"href":"https:\/\/italokul.k12.tr\/index.php?rest_route=\/wp\/v2\/pages"}],"about":[{"href":"https:\/\/italokul.k12.tr\/index.php?rest_route=\/wp\/v2\/types\/page"}],"author":[{"embeddable":true,"href":"https:\/\/italokul.k12.tr\/index.php?rest_route=\/wp\/v2\/users\/1"}],"replies":[{"embeddable":true,"href":"https:\/\/italokul.k12.tr\/index.php?rest_route=%2Fwp%2Fv2%2Fcomments&post=2115"}],"version-history":[{"count":70,"href":"https:\/\/italokul.k12.tr\/index.php?rest_route=\/wp\/v2\/pages\/2115\/revisions"}],"predecessor-version":[{"id":4572,"href":"https:\/\/italokul.k12.tr\/index.php?rest_route=\/wp\/v2\/pages\/2115\/revisions\/4572"}],"wp:attachment":[{"href":"https:\/\/italokul.k12.tr\/index.php?rest_route=%2Fwp%2Fv2%2Fmedia&parent=2115"}],"curies":[{"name":"wp","href":"https:\/\/api.w.org\/{rel}","templated":true}]}}