{"id":8,"date":"2015-05-20T11:45:57","date_gmt":"2015-05-20T11:45:57","guid":{"rendered":"http:\/\/masterstudy.stylemixthemes.com\/demo\/?page_id=8"},"modified":"2025-02-11T11:12:37","modified_gmt":"2025-02-11T08:12:37","slug":"front-page","status":"publish","type":"page","link":"https:\/\/italokul.k12.tr\/","title":{"rendered":"Front Page"},"content":{"rendered":"<p>[vc_row full_width=&#8221;stretch_row_content_no_spaces&#8221; css=&#8221;.vc_custom_1432531325225{margin-bottom: 0px !important;}&#8221;][vc_column][rev_slider_vc alias=&#8221;home_slider&#8221;][\/vc_column][\/vc_row][vc_row full_width=&#8221;stretch_row&#8221; css=&#8221;.vc_custom_1436163428614{margin-top: 0px !important;margin-right: 0px !important;margin-bottom: 28px !important;margin-left: 0px !important;}&#8221; el_class=&#8221;overflowed_content&#8221;][vc_column width=&#8221;1\/4&#8243; css=&#8221;.vc_custom_1434610589736{margin-top: -148px !important;padding-right: 0px !important;padding-left: 0px !important;}&#8221;][stm_icon_box icon=&#8221;fa fa-spinner&#8221; icon_size=&#8221;68&#8243; icon_height=&#8221;69&#8243; icon_color=&#8221;#ffffff&#8221; title=&#8221;360\u00b0 SANAL TUR&#8221; box_bg_color=&#8221;#10c45c&#8221; box_text_color=&#8221;#ffffff&#8221; css=&#8221;.vc_custom_1493208682958{padding-top: 30px !important;padding-right: 32px !important;padding-bottom: 50px !important;padding-left: 32px !important;}&#8221; link=&#8221;url:http%3A%2F%2Fitalokul.k12.tr%2Fsanaltur%2F||target:%20_blank&#8221;]\u00d6zel \u0130talyan Ana ve \u0130lkokulu s\u0131n\u0131flar\u0131n\u0131z\u0131, bah\u00e7emizi ve spor salonumuzu 360\u00b0 sanal tur olarak gezebilirsiniz.[\/stm_icon_box][\/vc_column][vc_column width=&#8221;1\/4&#8243; css=&#8221;.vc_custom_1434610598979{margin-top: -148px !important;padding-right: 0px !important;padding-left: 0px !important;}&#8221;][stm_icon_box icon=&#8221;fa fa-newspaper-o&#8221; icon_size=&#8221;61&#8243; icon_height=&#8221;69&#8243; icon_color=&#8221;#ffffff&#8221; title=&#8221;BASINDA B\u0130Z&#8221; box_bg_color=&#8221;#fdc735&#8243; box_text_color=&#8221;#ffffff&#8221; css=&#8221;.vc_custom_1481283480381{padding-top: 30px !important;padding-right: 32px !important;padding-bottom: 50px !important;padding-left: 32px !important;}&#8221; link=&#8221;url:http%3A%2F%2Fitalokul.k12.tr%2F%3Fpage_id%3D1897||&#8221;]G\u00f6rsel, yaz\u0131l\u0131 ve dijital bas\u0131nda \u0130talyan Okulu hakk\u0131nda \u00e7\u0131kan haberler ve r\u00f6portajlara ula\u015fabilirsiniz.[\/stm_icon_box][\/vc_column][vc_column width=&#8221;1\/4&#8243; css=&#8221;.vc_custom_1434610604765{margin-top: -148px !important;padding-right: 0px !important;padding-left: 0px !important;}&#8221;][stm_icon_box icon=&#8221;fa-icon-stm_icon_graduation-hat&#8221; icon_size=&#8221;70&#8243; icon_height=&#8221;69&#8243; icon_color=&#8221;#ffffff&#8221; title=&#8221;E\u011e\u0130T\u0130M \u00dcCRETLER\u0130&#8221; box_bg_color=&#8221;#307ad5&#8243; box_text_color=&#8221;#ffffff&#8221; link=&#8221;url:http%3A%2F%2Fitalokul.k12.tr%2F%3Fpage_id%3D1744||&#8221;]\u00d6zel \u0130talyan Anaokulu ve \u0130lkokulu e\u011fitim \u00f6\u011fretim \u00fccretlerimizi bu sayfadan inceleyebilirsiniz.[\/stm_icon_box][\/vc_column][vc_column width=&#8221;1\/4&#8243; css=&#8221;.vc_custom_1434610618578{margin-top: -148px !important;padding-right: 0px !important;padding-left: 0px !important;}&#8221;][stm_icon_box icon=&#8221;fa fa-calendar&#8221; icon_size=&#8221;57&#8243; icon_height=&#8221;69&#8243; icon_color=&#8221;#ffffff&#8221; title=&#8221;AKADEM\u0130K TAKV\u0130M&#8221; box_bg_color=&#8221;#e948ae&#8221; box_text_color=&#8221;#ffffff&#8221; link=&#8221;url:http%3A%2F%2Fitalokul.k12.tr%2F%3Fpage_id%3D1969||&#8221;]\u00d6zel \u0130talyan Anaokulu ve \u0130lkokulu&#8217;na ba\u011fl\u0131 b\u00fct\u00fcn s\u0131n\u0131flar\u0131n akademik takvimleri yay\u0131mlanmaktad\u0131r.[\/stm_icon_box][\/vc_column][\/vc_row][vc_row][vc_column][vc_custom_heading text=&#8221;AKT\u0130V\u0130TELER\u0130M\u0130Z &amp; PROJELER\u0130M\u0130Z&#8221; font_container=&#8221;tag:h2|font_size:32|text_align:center|line_height:48px&#8221; google_fonts=&#8221;font_family:Open%20Sans%3A300%2C300italic%2Cregular%2Citalic%2C600%2C600italic%2C700%2C700italic%2C800%2C800italic|font_style:700%20bold%20regular%3A700%3Anormal&#8221;][vc_row_inner css=&#8221;.vc_custom_1436164020002{margin-bottom: 27px !important;}&#8221;][vc_column_inner][stm_color_separator css=&#8221;.vc_custom_1437023252855{margin-top: 7px !important;margin-bottom: 0px !important;}&#8221;][\/vc_column_inner][\/vc_row_inner][\/vc_column][\/vc_row][vc_row][vc_column][stm_post_list post_list_per_row=&#8221;3&#8243;][\/vc_column][\/vc_row][vc_row][vc_column width=&#8221;1\/3&#8243;][\/vc_column][vc_column width=&#8221;1\/3&#8243;][vc_single_image image=&#8221;4702&#8243; img_size=&#8221;medium&#8221; alignment=&#8221;center&#8221;][\/vc_column][vc_column width=&#8221;1\/3&#8243;][\/vc_column][\/vc_row]<\/p>\n","protected":false},"excerpt":{"rendered":"<p>[vc_row full_width=&#8221;stretch_row_content_no_spaces&#8221; css=&#8221;.vc_custom_1432531325225{margin-bottom: 0px !important;}&#8221;][vc_column][rev_slider_vc alias=&#8221;home_slider&#8221;][\/vc_column][\/vc_row][vc_row full_width=&#8221;stretch_row&#8221; css=&#8221;.vc_custom_1436163428614{margin-top: 0px !important;margin-right: 0px !important;margin-bottom: 28px !important;margin-left: 0px !important;}&#8221; el_class=&#8221;overflowed_content&#8221;][vc_column width=&#8221;1\/4&#8243; css=&#8221;.vc_custom_1434610589736{margin-top: -148px !important;padding-right: 0px !important;padding-left: 0px !important;}&#8221;][stm_icon_box icon=&#8221;fa fa-spinner&#8221; icon_size=&#8221;68&#8243; icon_height=&#8221;69&#8243; icon_color=&#8221;#ffffff&#8221; title=&#8221;360\u00b0 SANAL TUR&#8221; box_bg_color=&#8221;#10c45c&#8221; box_text_color=&#8221;#ffffff&#8221; css=&#8221;.vc_custom_1493208682958{padding-top: 30px !important;padding-right: 32px !important;padding-bottom: 50px !important;padding-left: 32px !important;}&#8221; link=&#8221;url:http%3A%2F%2Fitalokul.k12.tr%2Fsanaltur%2F||target:%20_blank&#8221;]\u00d6zel \u0130talyan Ana ve \u0130lkokulu s\u0131n\u0131flar\u0131n\u0131z\u0131, bah\u00e7emizi ve spor salonumuzu 360\u00b0 [&hellip;]<\/p>\n","protected":false},"author":1,"featured_media":0,"parent":0,"menu_order":0,"comment_status":"closed","ping_status":"closed","template":"","meta":{"footnotes":""},"class_list":["post-8","page","type-page","status-publish","hentry"],"_links":{"self":[{"href":"https:\/\/italokul.k12.tr\/index.php?rest_route=\/wp\/v2\/pages\/8","targetHints":{"allow":["GET"]}}],"collection":[{"href":"https:\/\/italokul.k12.tr\/index.php?rest_route=\/wp\/v2\/pages"}],"about":[{"href":"https:\/\/italokul.k12.tr\/index.php?rest_route=\/wp\/v2\/types\/page"}],"author":[{"embeddable":true,"href":"https:\/\/italokul.k12.tr\/index.php?rest_route=\/wp\/v2\/users\/1"}],"replies":[{"embeddable":true,"href":"https:\/\/italokul.k12.tr\/index.php?rest_route=%2Fwp%2Fv2%2Fcomments&post=8"}],"version-history":[{"count":84,"href":"https:\/\/italokul.k12.tr\/index.php?rest_route=\/wp\/v2\/pages\/8\/revisions"}],"predecessor-version":[{"id":5137,"href":"https:\/\/italokul.k12.tr\/index.php?rest_route=\/wp\/v2\/pages\/8\/revisions\/5137"}],"wp:attachment":[{"href":"https:\/\/italokul.k12.tr\/index.php?rest_route=%2Fwp%2Fv2%2Fmedia&parent=8"}],"curies":[{"name":"wp","href":"https:\/\/api.w.org\/{rel}","templated":true}]}}